{"id":2,"date":"2015-12-09T03:33:20","date_gmt":"2015-12-09T03:33:20","guid":{"rendered":"http:\/\/wp44m.a10-52-158-154.qa.plesk.ru\/wordpress\/?page_id=2"},"modified":"2016-09-13T21:30:34","modified_gmt":"2016-09-13T21:30:34","slug":"sample-page","status":"publish","type":"page","link":"https:\/\/norbert-herzog.de\/?page_id=2","title":{"rendered":"\u00dcber mich"},"content":{"rendered":"<p style=\"text-align: left;\">Hallo, ich bin Norbert Herzog.<\/p>\n<p style=\"text-align: left;\"><span style=\"color: #0000ff;\"><strong>modifiz-art <\/strong><\/span><\/p>\n<p style=\"text-align: left;\">( von der au\u00dfer\u00e4sthetischen zur \u00e4sthetischen Anmutungsqualit\u00e4t )<\/p>\n<p style=\"text-align: left;\"><img loading=\"lazy\" class=\"alignnone wp-image-129\" src=\"http:\/\/norbert-herzog.de\/wp-content\/uploads\/2015\/12\/01-dawanda-026.jpg\" alt=\"01 dawanda 026\" width=\"522\" height=\"414\" srcset=\"https:\/\/norbert-herzog.de\/wp-content\/uploads\/2015\/12\/01-dawanda-026.jpg 2048w, https:\/\/norbert-herzog.de\/wp-content\/uploads\/2015\/12\/01-dawanda-026-300x238.jpg 300w, https:\/\/norbert-herzog.de\/wp-content\/uploads\/2015\/12\/01-dawanda-026-768x609.jpg 768w, https:\/\/norbert-herzog.de\/wp-content\/uploads\/2015\/12\/01-dawanda-026-1024x812.jpg 1024w\" sizes=\"(max-width: 522px) 100vw, 522px\" \/><\/p>\n<p style=\"text-align: left;\">Was ist oder bedeutet\u00a0 <span style=\"color: #0000ff;\"><strong>modifiz-art<\/strong><\/span>\u00a0 ?<\/p>\n<p style=\"text-align: left;\">Da es f\u00fcr mich schwierig wurde, das was ich da am h\u00e4ufigsten kreiere, in einer vorhandenen Kunst- oder besser Kunsthandwerksrichtung zu benennen, hielt ich es f\u00fcr einfacher eine neue Bezeichnung zu verwenden.<\/p>\n<p style=\"text-align: left;\">Modifizieren bedeutet etwas ver\u00e4ndern ( in fortschrittlichem Sinn ).<\/p>\n<p style=\"text-align: left;\">Material, welches nicht mehr ben\u00f6tigt wird, so umgestalten das etwas Neues entsteht.<\/p>\n<p style=\"text-align: left;\"><strong>Beispiel 1<\/strong>:\u00a0 Als meine Sammlung von Musik-CD\u00b4s zu gro\u00df wurde, beschloss ich sie aus dem Originalgeh\u00e4use zu entnehmen und in CD-Taschen unter zu bringen. Da entsteht dann ein Berg von Kunststoff-Geh\u00e4usen die in die richtige M\u00fclltonne ensorgt werden k\u00f6nnten. Eventuell l\u00e4\u00dft sich aber auch noch etwas daraus machen. Nach entfernen der Produktbeschreibung aus den Geh\u00e4usen bemalte ich 12 St\u00fcck Karton mit Acrylfarbe und brachte sie wieder in den Geh\u00e4usen unter. Auf eine passend zugeschnittene Spanplatte\u00a0 wurden die Geh\u00e4use aufgeklebt und das Ganze mit einem Bilderrahmen versehen. Das Ergebnis:<\/p>\n<p style=\"text-align: left;\"><img loading=\"lazy\" class=\"alignnone wp-image-132\" src=\"http:\/\/norbert-herzog.de\/wp-content\/uploads\/2015\/12\/Collage-ge-1-IMG_0691.jpg\" alt=\"Collage ge 1 IMG_0691\" width=\"545\" height=\"407\" srcset=\"https:\/\/norbert-herzog.de\/wp-content\/uploads\/2015\/12\/Collage-ge-1-IMG_0691.jpg 2592w, https:\/\/norbert-herzog.de\/wp-content\/uploads\/2015\/12\/Collage-ge-1-IMG_0691-300x224.jpg 300w, https:\/\/norbert-herzog.de\/wp-content\/uploads\/2015\/12\/Collage-ge-1-IMG_0691-768x574.jpg 768w, https:\/\/norbert-herzog.de\/wp-content\/uploads\/2015\/12\/Collage-ge-1-IMG_0691-1024x765.jpg 1024w\" sizes=\"(max-width: 545px) 100vw, 545px\" \/><\/p>\n<p style=\"text-align: left;\"><em>Titel<\/em>: kolorierte Collage gelb, <em>Herstellungsjahr<\/em>: 2014, <em>angefertigt von<\/em>: Norbert Herzog, \u00a0\u00a0\u00a0\u00a0\u00a0\u00a0 \u00a0 \u00a0\u00a0 <em>Material<\/em>: Acryl-Collage in CD-Geh\u00e4usen auf Spanplatte, <em>Format mit Rahmen<\/em>: H\u00f6he 51cm, Breite 44cm, Tiefe 3cm<\/p>\n<p style=\"text-align: left;\"><strong>Beispiel 2:<\/strong> Beim anfertigen eines Schuppens baute ich ein Grundger\u00fcst aus Vierkanth\u00f6lzern. Dabei blieben nach dem s\u00e4gen auf die ben\u00f6tigten L\u00e4ngen einige H\u00f6lzer \u00fcbrig. Diese k\u00fcrzte ich auf L\u00e4ngen zwischen 21 bis 29cm und bohrte in eine Stirnseite ein Loch mit einem Durchmesser von 8mm. Nach Bearbeitung mit Holzlasur versah ich die H\u00f6lzer mit\u00a0 Bewehrungsstahl. Das Ergebnis:<\/p>\n<p style=\"text-align: left;\"><img loading=\"lazy\" class=\"alignnone wp-image-324\" src=\"http:\/\/norbert-herzog.de\/wp-content\/uploads\/2015\/12\/Rohrkolben-1-107.jpg\" alt=\"Rohrkolben 1 107\" width=\"613\" height=\"438\" srcset=\"https:\/\/norbert-herzog.de\/wp-content\/uploads\/2015\/12\/Rohrkolben-1-107.jpg 2234w, https:\/\/norbert-herzog.de\/wp-content\/uploads\/2015\/12\/Rohrkolben-1-107-300x214.jpg 300w, https:\/\/norbert-herzog.de\/wp-content\/uploads\/2015\/12\/Rohrkolben-1-107-768x548.jpg 768w, https:\/\/norbert-herzog.de\/wp-content\/uploads\/2015\/12\/Rohrkolben-1-107-1024x731.jpg 1024w\" sizes=\"(max-width: 613px) 100vw, 613px\" \/><\/p>\n<p style=\"text-align: left;\"><em>Titel<\/em>: modifiz-art Rohrkolben, <em>Herstellungsjahr<\/em>: 2015, <em>angefertigt von<\/em>: Norbert Herzog, <em>Material<\/em>: Mischtechnik auf Holz und Stahl, <em>Format<\/em>: H\u00f6he ca. 215cm, Breite 5,8cm, Tiefe 5,8cm.<\/p>\n<p style=\"text-align: left;\">Erstes Objekt zum Verkauf in einer Galerie<br \/>\nGalerie <span style=\"color: #ff0000;\"><strong>zwo 7 zwo<\/strong><\/span> Kunst Genuss<br \/>\nEndenicher Strasse 272<br \/>\n<strong>53 121<\/strong>\u00a0 Bonn<\/p>\n<p><img loading=\"lazy\" class=\"alignnone wp-image-123\" src=\"http:\/\/norbert-herzog.de\/wp-content\/uploads\/2015\/11\/IMG_1994.jpg\" alt=\"IMG_1994\" width=\"397\" height=\"529\" srcset=\"https:\/\/norbert-herzog.de\/wp-content\/uploads\/2015\/11\/IMG_1994.jpg 1200w, https:\/\/norbert-herzog.de\/wp-content\/uploads\/2015\/11\/IMG_1994-225x300.jpg 225w, https:\/\/norbert-herzog.de\/wp-content\/uploads\/2015\/11\/IMG_1994-768x1024.jpg 768w\" sizes=\"(max-width: 397px) 100vw, 397px\" \/><br \/>\n<em>Titel<\/em>: modifiz-art Hengste<br \/>\n<em>Herstellungsjahr<\/em>: 2011<br \/>\n<em>angefertigt von<\/em>: Norbert Herzog<br \/>\n<em>Material<\/em>: Mischtechnik auf Holz, Stahl und Beton<br \/>\n<em>Format<\/em>: H\u00f6he 143cm, Breite 30cm, Tiefe 30cm<br \/>\nnicht signiert<\/p>\n<p><strong>Impressionen:<\/strong><br \/>\n<img loading=\"lazy\" class=\" wp-image-266\" src=\"http:\/\/norbert-herzog.de\/wp-content\/uploads\/2015\/12\/P8190076.jpg\" alt=\"OLYMPUS DIGITAL CAMERA\" width=\"539\" height=\"405\" srcset=\"https:\/\/norbert-herzog.de\/wp-content\/uploads\/2015\/12\/P8190076.jpg 4288w, https:\/\/norbert-herzog.de\/wp-content\/uploads\/2015\/12\/P8190076-300x225.jpg 300w, https:\/\/norbert-herzog.de\/wp-content\/uploads\/2015\/12\/P8190076-768x576.jpg 768w, https:\/\/norbert-herzog.de\/wp-content\/uploads\/2015\/12\/P8190076-1024x768.jpg 1024w\" sizes=\"(max-width: 539px) 100vw, 539px\" \/><img loading=\"lazy\" class=\" wp-image-268\" src=\"http:\/\/norbert-herzog.de\/wp-content\/uploads\/2015\/12\/P8190081.jpg\" alt=\"OLYMPUS DIGITAL CAMERA\" width=\"540\" height=\"405\" srcset=\"https:\/\/norbert-herzog.de\/wp-content\/uploads\/2015\/12\/P8190081.jpg 4288w, https:\/\/norbert-herzog.de\/wp-content\/uploads\/2015\/12\/P8190081-300x225.jpg 300w, https:\/\/norbert-herzog.de\/wp-content\/uploads\/2015\/12\/P8190081-768x576.jpg 768w, https:\/\/norbert-herzog.de\/wp-content\/uploads\/2015\/12\/P8190081-1024x768.jpg 1024w\" sizes=\"(max-width: 540px) 100vw, 540px\" \/><\/p>\n<p><img loading=\"lazy\" class=\"alignnone wp-image-450\" src=\"http:\/\/norbert-herzog.de\/wp-content\/uploads\/2015\/12\/Bild-1-IMG_2569.jpg\" alt=\"Bild 1 IMG_2569\" width=\"543\" height=\"570\" srcset=\"https:\/\/norbert-herzog.de\/wp-content\/uploads\/2015\/12\/Bild-1-IMG_2569.jpg 1807w, https:\/\/norbert-herzog.de\/wp-content\/uploads\/2015\/12\/Bild-1-IMG_2569-286x300.jpg 286w, https:\/\/norbert-herzog.de\/wp-content\/uploads\/2015\/12\/Bild-1-IMG_2569-768x806.jpg 768w, https:\/\/norbert-herzog.de\/wp-content\/uploads\/2015\/12\/Bild-1-IMG_2569-976x1024.jpg 976w\" sizes=\"(max-width: 543px) 100vw, 543px\" \/><\/p>\n<p>&nbsp;<\/p>\n<p>!<\/p>\n","protected":false},"excerpt":{"rendered":"<p>Hallo, ich bin Norbert Herzog. modifiz-art ( von der au\u00dfer\u00e4sthetischen zur \u00e4sthetischen Anmutungsqualit\u00e4t ) Was ist oder bedeutet\u00a0 modifiz-art\u00a0 ? Da es f\u00fcr mich schwierig wurde, das was ich da am h\u00e4ufigsten kreiere, in einer vorhandenen Kunst- oder besser Kunsthandwerksrichtung zu benennen, hielt ich es f\u00fcr einfacher eine neue Bezeichnung zu verwenden. Modifizieren bedeutet etwas&hellip; <a class=\"more-link\" href=\"https:\/\/norbert-herzog.de\/?page_id=2\"><span class=\"screen-reader-text\">\u00dcber mich<\/span> weiterlesen <span class=\"meta-nav\" aria-hidden=\"true\">&rarr;<\/span><\/a><\/p>\n","protected":false},"author":1,"featured_media":0,"parent":0,"menu_order":0,"comment_status":"closed","ping_status":"open","template":"","meta":[],"_links":{"self":[{"href":"https:\/\/norbert-herzog.de\/index.php?rest_route=\/wp\/v2\/pages\/2"}],"collection":[{"href":"https:\/\/norbert-herzog.de\/index.php?rest_route=\/wp\/v2\/pages"}],"about":[{"href":"https:\/\/norbert-herzog.de\/index.php?rest_route=\/wp\/v2\/types\/page"}],"author":[{"embeddable":true,"href":"https:\/\/norbert-herzog.de\/index.php?rest_route=\/wp\/v2\/users\/1"}],"replies":[{"embeddable":true,"href":"https:\/\/norbert-herzog.de\/index.php?rest_route=%2Fwp%2Fv2%2Fcomments&post=2"}],"version-history":[{"count":38,"href":"https:\/\/norbert-herzog.de\/index.php?rest_route=\/wp\/v2\/pages\/2\/revisions"}],"predecessor-version":[{"id":451,"href":"https:\/\/norbert-herzog.de\/index.php?rest_route=\/wp\/v2\/pages\/2\/revisions\/451"}],"wp:attachment":[{"href":"https:\/\/norbert-herzog.de\/index.php?rest_route=%2Fwp%2Fv2%2Fmedia&parent=2"}],"curies":[{"name":"wp","href":"https:\/\/api.w.org\/{rel}","templated":true}]}}